{"id":1204,"date":"2023-08-22T20:45:22","date_gmt":"2023-08-22T23:45:22","guid":{"rendered":"https:\/\/confederacioncannabica.com\/?page_id=1204"},"modified":"2023-08-22T20:45:23","modified_gmt":"2023-08-22T23:45:23","slug":"incubadora","status":"publish","type":"page","link":"https:\/\/confederacioncannabica.com\/index.php\/incubadora\/","title":{"rendered":"Incubadora"},"content":{"rendered":"\n<div class=\"wp-block-cover alignfull has-background-dim\" style=\"min-height:282px;aspect-ratio:unset;\"><img fetchpriority=\"high\" decoding=\"async\" width=\"2006\" height=\"370\" class=\"wp-block-cover__image-background wp-image-617\" alt=\"\" src=\"https:\/\/confederacioncannabica.com\/wp-content\/uploads\/2021\/06\/img-portada-acerca-de-02-3.png\" data-object-fit=\"cover\" srcset=\"https:\/\/confederacioncannabica.com\/wp-content\/uploads\/2021\/06\/img-portada-acerca-de-02-3.png 2006w, https:\/\/confederacioncannabica.com\/wp-content\/uploads\/2021\/06\/img-portada-acerca-de-02-3-300x55.png 300w, https:\/\/confederacioncannabica.com\/wp-content\/uploads\/2021\/06\/img-portada-acerca-de-02-3-1024x189.png 1024w, https:\/\/confederacioncannabica.com\/wp-content\/uploads\/2021\/06\/img-portada-acerca-de-02-3-768x142.png 768w, https:\/\/confederacioncannabica.com\/wp-content\/uploads\/2021\/06\/img-portada-acerca-de-02-3-1536x283.png 1536w, https:\/\/confederacioncannabica.com\/wp-content\/uploads\/2021\/06\/img-portada-acerca-de-02-3-1568x289.png 1568w\" sizes=\"(max-width: 2006px) 100vw, 2006px\" \/><div class=\"wp-block-cover__inner-container is-layout-flow wp-block-cover-is-layout-flow\">\n<p class=\"has-large-font-size\"><\/p>\n<\/div><\/div>\n\n\n\n<h3 class=\"has-text-align-left has-text-color wp-block-heading\" style=\"color:#6d7927\"><strong>Incubadora<\/strong><\/h3>\n\n\n\n<p>Las&nbsp;incubadoras de negocios&nbsp;incentivan la relaci\u00f3n entre las universidades y las&nbsp;empresas, generando modelos de desarrollo urbano-industrial; establecen redes de apoyo e intercambio de productos,&nbsp;servicios&nbsp;e informaci\u00f3n; buscan aprovechar programas y subsidios gubernamentales; generan redes de comercializaci\u00f3n.<\/p>\n\n\n\n<p>La incubadora: brinda servicios de mentoreo, acompa\u00f1amiento y asistencia t\u00e9cnica a emprendedores \/ emprendimientos.<\/p>\n\n\n\n<p>Es misi\u00f3n de la Confederaci\u00f3n Cann\u00e1bica Argentina llegar a conformar un cl\u00faster de empresas, que se potencien entre s\u00ed y tambi\u00e9n promover polos productivos.<\/p>\n\n\n\n<p>Incubadora, es un medio por el cual se consiguen financiamientos para proyectos:<\/p>\n\n\n\n<ul class=\"wp-block-list\"><li><strong>Programa Din\u00e1micos<\/strong>: Pone en marcha tu idea proyecto para lanzarte al mercado y\/o consolida y potencia tu negocio, acompa\u00f1ado por una Entidad de Apoyo al Desarrollo Emprendedor (EEAE). &nbsp;Podes acceder a un ANR de un monto m\u00e1ximo de $4.000.000 si tu emprendimiento se encuentra en estadio de ideaci\u00f3n o puesta en marcha o de hasta $8.000.000 si tu emprendimiento se encuentra en estadio de desarrollo inicial o es de base cient\u00edfica.<\/li><li><strong>Emprender Mujeres: <\/strong>Si ten\u00e9s una idea y quer\u00e9s convertirla en un emprendimiento o ya lideras un emprendimiento y te interesa potenciarlo, presenta un proyecto que genere mejoras de productividad y\/o competitividad en las cadenas de valor o sector productivo al que pertenece y accede a un Aporte No Reembolsable (ANR) para financiarlo.<\/li><li><strong>Emprendimiento Argentino:<\/strong> Si ten\u00e9s un emprendimiento, podes acceder a un cr\u00e9dito para potenciar su proceso productivo y\/o incrementar su escala. Obten\u00e9 un pr\u00e9stamo de hasta $50 millones para consolidar tu emprendimiento.<\/li><\/ul>\n\n\n\n<p><strong>INCUBACION<\/strong>: &nbsp;servicios de sensibilizaci\u00f3n y de acompa\u00f1amiento tendientes al crecimiento de emprendimientos a trav\u00e9s de asesoramiento, capacitaci\u00f3n, asistencia financiera, asistencia t\u00e9cnica para definir y validar un modelo de negocios, sistematizar un plan de negocios, realizar presentaciones ante inversores y otros formatos que resulten necesarios para vincular a los emprendedores con convocatorias, concursos, e instancias de mentoreo, inversi\u00f3n y capital emprendedor.<\/p>\n\n\n\n<p><strong>*<\/strong> <strong>Ley de Emprendedores: es la Ley N\u00b027.349 de Apoyo al Capital Emprendedor y sus modificatorias.<\/strong>&nbsp;<\/p>\n\n\n\n<p><strong>\u00bfQu\u00e9&nbsp;tipos de incubadoras de empresas hay?<\/strong><\/p>\n\n\n\n<ul class=\"wp-block-list\"><li><strong>Incubadoras de negocios<\/strong>&nbsp;privadas: obtienen su financiamiento de&nbsp;<strong>empresas<\/strong>&nbsp;e inversionistas privados.<\/li><li><strong>Incubadoras de negocios<\/strong>&nbsp;p\u00fablicas: hacen uso de los recursos p\u00fablicos para apoyar a los emprendedores<\/li><\/ul>\n\n\n\n<p><strong><u>ANTECEDENTES DE INCUBADORAS EN EL MUNDO<\/u><\/strong><\/p>\n\n\n\n<p><strong><u>ISRAEL:<\/u><\/strong> En el 2019 instala la INCUBADORA de alta tecnolog\u00eda para el desarrollo del cannabis medicinal \u2013 YEROHAM ciudad de Negev plataforma de inversi\u00f3n de financiamiento colectiva OUR CROWD, el gigante farmac\u00e9utico de venta sin receta PERRIGO y el cultivador de cannabis medicinal BOL PHARME.<\/p>\n\n\n\n<p>\u201cConsorcio\u201d de 6 empresas en esta INCUBADORA y hay 30 empresas startups elegidas que reciben un apoyo en investigaci\u00f3n y desarrollo.<\/p>\n\n\n\n<p>El fundador y director general de OURCROWD (con sede en Jerusal\u00e9n) Jon Medved dijo que \u201cIncubadora es una herramienta necesaria para tener \u00e9xito en el mercado internacional\u201d.<\/p>\n\n\n\n<p>Tambi\u00e9n que se pone a disposici\u00f3n de las empresas del \u201cconsorcio\u201d (miembros) la experiencia y conocimientos para los inversores.<\/p>\n\n\n\n<p>Esta incubadora de parque industrial se dedica a innovar en diferentes campos tecnolog\u00eda limpia, \u00f3sea el aprovechamiento de toda la cadena del producto desde la semilla hasta todas sus partes y en tecnolog\u00eda agr\u00edcola todo lo que tiene que ver con tema de alimentaci\u00f3n. Tambi\u00e9n en los campos del pl\u00e1stico y a industria.<\/p>\n\n\n\n<p>En Israel, ya est\u00e1n trabajando en la utilizaci\u00f3n de toda la cadena de valor, tanto para cannabis como para el c\u00e1\u00f1amo \u00f3sea todas las cadenas productivas.<\/p>\n\n\n\n<p>Esto para nosotros como Confederaci\u00f3n Cann\u00e1bica Argentina, nos marca un horizonte hacia donde queremos apuntar con el desarrollo como INCUBADORA ARGENTINA.<\/p>\n\n\n\n<div style=\"height:36px\" aria-hidden=\"true\" class=\"wp-block-spacer\"><\/div>\n\n\n\n<div class=\"wp-block-group alignwide banner-logos\"><div class=\"wp-block-group__inner-container is-layout-flow wp-block-group-is-layout-flow\">\n<div class=\"wp-block-columns wp-block-columns-01 is-layout-flex wp-container-core-columns-is-layout-2 wp-block-columns-is-layout-flex\">\n<div class=\"wp-block-column is-layout-flow wp-block-column-is-layout-flow\" style=\"flex-basis:100%\">\n<div class=\"wp-block-columns wp-block-columns-03 is-layout-flex wp-container-core-columns-is-layout-1 wp-block-columns-is-layout-flex\">\n<div class=\"wp-block-column wp-block-column-01 is-layout-flow wp-block-column-is-layout-flow\">\n<figure class=\"wp-block-image size-large\"><img decoding=\"async\" width=\"153\" height=\"97\" src=\"https:\/\/confederacioncannabica.com\/wp-content\/uploads\/2021\/05\/logo-banner-01-1.png\" alt=\"\" class=\"wp-image-412\"\/><\/figure>\n<\/div>\n\n\n\n<div class=\"wp-block-column wp-block-column-01 is-layout-flow wp-block-column-is-layout-flow\">\n<figure class=\"wp-block-image size-large\"><img decoding=\"async\" width=\"1024\" height=\"1011\" src=\"https:\/\/confederacioncannabica.com\/wp-content\/uploads\/2022\/11\/png_20221021_151228_0000-1024x1011.png\" alt=\"\" class=\"wp-image-1009\" srcset=\"https:\/\/confederacioncannabica.com\/wp-content\/uploads\/2022\/11\/png_20221021_151228_0000-1024x1011.png 1024w, https:\/\/confederacioncannabica.com\/wp-content\/uploads\/2022\/11\/png_20221021_151228_0000-300x296.png 300w, https:\/\/confederacioncannabica.com\/wp-content\/uploads\/2022\/11\/png_20221021_151228_0000-768x758.png 768w, https:\/\/confederacioncannabica.com\/wp-content\/uploads\/2022\/11\/png_20221021_151228_0000-1536x1516.png 1536w, https:\/\/confederacioncannabica.com\/wp-content\/uploads\/2022\/11\/png_20221021_151228_0000-2048x2022.png 2048w, https:\/\/confederacioncannabica.com\/wp-content\/uploads\/2022\/11\/png_20221021_151228_0000-1568x1548.png 1568w\" sizes=\"(max-width: 1024px) 100vw, 1024px\" \/><\/figure>\n<\/div>\n\n\n\n<div class=\"wp-block-column wp-block-column-01 is-layout-flow wp-block-column-is-layout-flow\">\n<figure class=\"wp-block-image size-large\"><img loading=\"lazy\" decoding=\"async\" width=\"153\" height=\"97\" src=\"https:\/\/confederacioncannabica.com\/wp-content\/uploads\/2021\/06\/logo-banner-02.png\" alt=\"\" class=\"wp-image-677\"\/><\/figure>\n<\/div>\n\n\n\n<div class=\"wp-block-column wp-block-column-01 is-layout-flow wp-block-column-is-layout-flow\">\n<figure class=\"wp-block-image size-large\"><img loading=\"lazy\" decoding=\"async\" width=\"153\" height=\"97\" src=\"https:\/\/confederacioncannabica.com\/wp-content\/uploads\/2021\/06\/logo-banner-08.png\" alt=\"\" class=\"wp-image-681\"\/><\/figure>\n<\/div>\n\n\n\n<div class=\"wp-block-column wp-block-column-01 is-layout-flow wp-block-column-is-layout-flow\">\n<figure class=\"wp-block-image size-large\"><img loading=\"lazy\" decoding=\"async\" width=\"153\" height=\"97\" src=\"https:\/\/confederacioncannabica.com\/wp-content\/uploads\/2021\/06\/logo-banner-03.png\" alt=\"\" class=\"wp-image-678\"\/><\/figure>\n<\/div>\n\n\n\n<div class=\"wp-block-column wp-block-column-01 is-layout-flow wp-block-column-is-layout-flow\">\n<figure class=\"wp-block-image size-large\"><img loading=\"lazy\" decoding=\"async\" width=\"153\" height=\"97\" src=\"https:\/\/confederacioncannabica.com\/wp-content\/uploads\/2021\/06\/logo-banner-05.png\" alt=\"\" class=\"wp-image-692\"\/><\/figure>\n<\/div>\n\n\n\n<div class=\"wp-block-column wp-block-column-01 is-layout-flow wp-block-column-is-layout-flow\">\n<figure class=\"wp-block-image size-large\"><img loading=\"lazy\" decoding=\"async\" width=\"153\" height=\"97\" src=\"https:\/\/confederacioncannabica.com\/wp-content\/uploads\/2021\/06\/logo-banner-06.png\" alt=\"\" class=\"wp-image-680\"\/><\/figure>\n<\/div>\n\n\n\n<div class=\"wp-block-column wp-block-column-01 is-layout-flow wp-block-column-is-layout-flow\">\n<figure class=\"wp-block-image size-large\"><img loading=\"lazy\" decoding=\"async\" width=\"153\" height=\"97\" src=\"https:\/\/confederacioncannabica.com\/wp-content\/uploads\/2021\/06\/logo-banner-17-2.png\" alt=\"\" class=\"wp-image-691\"\/><\/figure>\n<\/div>\n\n\n\n<div class=\"wp-block-column wp-block-column-01 is-layout-flow wp-block-column-is-layout-flow\">\n<figure class=\"wp-block-image size-large\"><img loading=\"lazy\" decoding=\"async\" width=\"153\" height=\"97\" src=\"https:\/\/confederacioncannabica.com\/wp-content\/uploads\/2021\/06\/logo-banner-18.png\" alt=\"\" class=\"wp-image-671\"\/><\/figure>\n<\/div>\n\n\n\n<div class=\"wp-block-column wp-block-column-01 is-layout-flow wp-block-column-is-layout-flow\">\n<figure class=\"wp-block-image size-large\"><img loading=\"lazy\" decoding=\"async\" width=\"153\" height=\"97\" src=\"https:\/\/confederacioncannabica.com\/wp-content\/uploads\/2021\/06\/logo-banner-09.png\" alt=\"\" class=\"wp-image-682\"\/><\/figure>\n<\/div>\n\n\n\n<div class=\"wp-block-column wp-block-column-01 is-layout-flow wp-block-column-is-layout-flow\">\n<figure class=\"wp-block-image size-large\"><img loading=\"lazy\" decoding=\"async\" width=\"153\" height=\"97\" src=\"https:\/\/confederacioncannabica.com\/wp-content\/uploads\/2021\/06\/logo-banner-19.png\" alt=\"\" class=\"wp-image-672\"\/><\/figure>\n<\/div>\n<\/div>\n<\/div>\n<\/div>\n\n\n\n<div class=\"wp-block-columns wp-block-columns-02 is-layout-flex wp-container-core-columns-is-layout-4 wp-block-columns-is-layout-flex\">\n<div class=\"wp-block-column is-layout-flow wp-block-column-is-layout-flow\" style=\"flex-basis:100%\">\n<div class=\"wp-block-columns wp-block-columns-03 is-layout-flex wp-container-core-columns-is-layout-3 wp-block-columns-is-layout-flex\">\n<div class=\"wp-block-column wp-block-column-01 is-layout-flow wp-block-column-is-layout-flow\">\n<figure class=\"wp-block-image size-large\"><img loading=\"lazy\" decoding=\"async\" width=\"153\" height=\"97\" src=\"https:\/\/confederacioncannabica.com\/wp-content\/uploads\/2021\/06\/logo-banner-10.png\" alt=\"\" class=\"wp-image-683\"\/><\/figure>\n<\/div>\n\n\n\n<div class=\"wp-block-column wp-block-column-01 is-layout-flow wp-block-column-is-layout-flow\">\n<figure class=\"wp-block-image size-large\"><img loading=\"lazy\" decoding=\"async\" width=\"153\" height=\"97\" src=\"https:\/\/confederacioncannabica.com\/wp-content\/uploads\/2021\/06\/logo-banner-12.png\" alt=\"\" class=\"wp-image-685\"\/><\/figure>\n<\/div>\n\n\n\n<div class=\"wp-block-column wp-block-column-01 is-layout-flow wp-block-column-is-layout-flow\">\n<figure class=\"wp-block-image size-large\"><img loading=\"lazy\" decoding=\"async\" width=\"153\" height=\"97\" src=\"https:\/\/confederacioncannabica.com\/wp-content\/uploads\/2021\/06\/logo-banner-11.png\" alt=\"\" class=\"wp-image-684\"\/><\/figure>\n<\/div>\n\n\n\n<div class=\"wp-block-column wp-block-column-01 is-layout-flow wp-block-column-is-layout-flow\">\n<figure class=\"wp-block-image size-large\"><img loading=\"lazy\" decoding=\"async\" width=\"153\" height=\"97\" src=\"https:\/\/confederacioncannabica.com\/wp-content\/uploads\/2021\/06\/logo-banner-13.png\" alt=\"\" class=\"wp-image-686\"\/><\/figure>\n<\/div>\n\n\n\n<div class=\"wp-block-column wp-block-column-01 is-layout-flow wp-block-column-is-layout-flow\">\n<figure class=\"wp-block-image size-large\"><img loading=\"lazy\" decoding=\"async\" width=\"153\" height=\"97\" src=\"https:\/\/confederacioncannabica.com\/wp-content\/uploads\/2021\/06\/logo-banner-16.png\" alt=\"\" class=\"wp-image-689\"\/><\/figure>\n<\/div>\n\n\n\n<div class=\"wp-block-column wp-block-column-01 is-layout-flow wp-block-column-is-layout-flow\">\n<figure class=\"wp-block-image size-large\"><img loading=\"lazy\" decoding=\"async\" width=\"153\" height=\"97\" src=\"https:\/\/confederacioncannabica.com\/wp-content\/uploads\/2021\/06\/logo-banner-14.png\" alt=\"\" class=\"wp-image-687\"\/><\/figure>\n<\/div>\n\n\n\n<div class=\"wp-block-column wp-block-column-01 is-layout-flow wp-block-column-is-layout-flow\">\n<figure class=\"wp-block-image size-large\"><img loading=\"lazy\" decoding=\"async\" width=\"153\" height=\"97\" src=\"https:\/\/confederacioncannabica.com\/wp-content\/uploads\/2021\/06\/logo-banner-15.png\" alt=\"\" class=\"wp-image-688\"\/><\/figure>\n<\/div>\n\n\n\n<div class=\"wp-block-column wp-block-column-01 is-layout-flow wp-block-column-is-layout-flow\">\n<figure class=\"wp-block-image size-large\"><img loading=\"lazy\" decoding=\"async\" width=\"153\" height=\"97\" src=\"https:\/\/confederacioncannabica.com\/wp-content\/uploads\/2021\/06\/Sin-titulo-2.png\" alt=\"\" class=\"wp-image-676\"\/><\/figure>\n<\/div>\n\n\n\n<div class=\"wp-block-column wp-block-column-01 is-layout-flow wp-block-column-is-layout-flow\">\n<figure class=\"wp-block-image size-large\"><img loading=\"lazy\" decoding=\"async\" width=\"153\" height=\"97\" src=\"https:\/\/confederacioncannabica.com\/wp-content\/uploads\/2021\/06\/logo-banner-22.png\" alt=\"\" class=\"wp-image-675\"\/><\/figure>\n<\/div>\n\n\n\n<div class=\"wp-block-column wp-block-column-01 is-layout-flow wp-block-column-is-layout-flow\">\n<figure class=\"wp-block-image size-large\"><img loading=\"lazy\" decoding=\"async\" width=\"153\" height=\"97\" src=\"https:\/\/confederacioncannabica.com\/wp-content\/uploads\/2021\/06\/logo-banner-20.png\" alt=\"\" class=\"wp-image-673\"\/><\/figure>\n<\/div>\n\n\n\n<div class=\"wp-block-column wp-block-column-01 is-layout-flow wp-block-column-is-layout-flow\">\n<figure class=\"wp-block-image size-large\"><img loading=\"lazy\" decoding=\"async\" width=\"153\" height=\"97\" src=\"https:\/\/confederacioncannabica.com\/wp-content\/uploads\/2021\/06\/logo-banner-21.png\" alt=\"\" class=\"wp-image-674\"\/><\/figure>\n<\/div>\n<\/div>\n<\/div>\n<\/div>\n<\/div><\/div>\n\n\n\n<figure class=\"wp-block-gallery columns-0 is-cropped wp-block-gallery-1 is-layout-flex wp-block-gallery-is-layout-flex\"><ul class=\"blocks-gallery-grid\"><\/ul><\/figure>\n","protected":false},"excerpt":{"rendered":"<p>Incubadora Las&nbsp;incubadoras de negocios&nbsp;incentivan la relaci\u00f3n entre las universidades y las&nbsp;empresas, generando modelos de desarrollo urbano-industrial; establecen redes de apoyo e intercambio de productos,&nbsp;servicios&nbsp;e informaci\u00f3n; buscan aprovechar programas y subsidios gubernamentales; generan redes de comercializaci\u00f3n. La incubadora: brinda servicios de mentoreo, acompa\u00f1amiento y asistencia t\u00e9cnica a emprendedores \/ emprendimientos. Es misi\u00f3n de la Confederaci\u00f3n Cann\u00e1bica&hellip; <a class=\"more-link\" href=\"https:\/\/confederacioncannabica.com\/index.php\/incubadora\/\">Seguir leyendo <span class=\"screen-reader-text\">Incubadora<\/span><\/a><\/p>\n","protected":false},"author":1,"featured_media":0,"parent":0,"menu_order":0,"comment_status":"closed","ping_status":"closed","template":"","meta":{"om_disable_all_campaigns":false,"_monsterinsights_skip_tracking":false,"_monsterinsights_sitenote_active":false,"_monsterinsights_sitenote_note":"","_monsterinsights_sitenote_category":0,"footnotes":""},"class_list":["post-1204","page","type-page","status-publish","hentry","entry"],"aioseo_notices":[],"_links":{"self":[{"href":"https:\/\/confederacioncannabica.com\/index.php\/wp-json\/wp\/v2\/pages\/1204","targetHints":{"allow":["GET"]}}],"collection":[{"href":"https:\/\/confederacioncannabica.com\/index.php\/wp-json\/wp\/v2\/pages"}],"about":[{"href":"https:\/\/confederacioncannabica.com\/index.php\/wp-json\/wp\/v2\/types\/page"}],"author":[{"embeddable":true,"href":"https:\/\/confederacioncannabica.com\/index.php\/wp-json\/wp\/v2\/users\/1"}],"replies":[{"embeddable":true,"href":"https:\/\/confederacioncannabica.com\/index.php\/wp-json\/wp\/v2\/comments?post=1204"}],"version-history":[{"count":1,"href":"https:\/\/confederacioncannabica.com\/index.php\/wp-json\/wp\/v2\/pages\/1204\/revisions"}],"predecessor-version":[{"id":1205,"href":"https:\/\/confederacioncannabica.com\/index.php\/wp-json\/wp\/v2\/pages\/1204\/revisions\/1205"}],"wp:attachment":[{"href":"https:\/\/confederacioncannabica.com\/index.php\/wp-json\/wp\/v2\/media?parent=1204"}],"curies":[{"name":"wp","href":"https:\/\/api.w.org\/{rel}","templated":true}]}}