{"id":5,"date":"2021-03-23T21:33:15","date_gmt":"2021-03-23T21:33:15","guid":{"rendered":"https:\/\/confederacioncannabica.com\/?page_id=5"},"modified":"2021-06-17T17:37:19","modified_gmt":"2021-06-17T20:37:19","slug":"crea-tu-web-con-bloques","status":"publish","type":"page","link":"https:\/\/confederacioncannabica.com\/","title":{"rendered":"Confederaci\u00f3n Cann\u00e1bica"},"content":{"rendered":"\n<div class=\"wp-block-cover alignfull has-background-dim is-style-default\" style=\"min-height:444px;aspect-ratio:unset;\"><img fetchpriority=\"high\" decoding=\"async\" width=\"1662\" height=\"444\" class=\"wp-block-cover__image-background wp-image-213\" alt=\"\" src=\"https:\/\/confederacioncannabica.com\/wp-content\/uploads\/2021\/04\/img-portada-02.png\" data-object-fit=\"cover\" srcset=\"https:\/\/confederacioncannabica.com\/wp-content\/uploads\/2021\/04\/img-portada-02.png 1662w, https:\/\/confederacioncannabica.com\/wp-content\/uploads\/2021\/04\/img-portada-02-300x80.png 300w, https:\/\/confederacioncannabica.com\/wp-content\/uploads\/2021\/04\/img-portada-02-1024x274.png 1024w, https:\/\/confederacioncannabica.com\/wp-content\/uploads\/2021\/04\/img-portada-02-768x205.png 768w, https:\/\/confederacioncannabica.com\/wp-content\/uploads\/2021\/04\/img-portada-02-1536x410.png 1536w, https:\/\/confederacioncannabica.com\/wp-content\/uploads\/2021\/04\/img-portada-02-1568x419.png 1568w\" sizes=\"(max-width: 1662px) 100vw, 1662px\" \/><div class=\"wp-block-cover__inner-container is-layout-flow wp-block-cover-is-layout-flow\">\n<p class=\"has-text-align-center\"><img decoding=\"async\" width=\"100\" height=\"100\" class=\"wp-image-256\" style=\"width: 100px;\" src=\"https:\/\/confederacioncannabica.com\/wp-content\/uploads\/2021\/04\/comillas.png\" alt=\"\"><\/p>\n\n\n\n<h3 class=\"has-text-align-center wp-block-heading\">Desde Argentina,<br>con el objetivo de crear una red global alrededor de la marihuana<br>y sus potencialidades<\/h3>\n\n\n\n<p class=\"has-text-align-center\">Leandro Ayala, Presidente.<\/p>\n<\/div><\/div>\n\n\n\n<div class=\"wp-block-columns alignfull are-vertically-aligned-center is-style-twentytwentyone-columns-overlap is-layout-flex wp-container-core-columns-is-layout-3 wp-block-columns-is-layout-flex\">\n<div class=\"wp-block-column is-vertically-aligned-center is-layout-flow wp-block-column-is-layout-flow\">\n<div class=\"wp-block-group\"><div class=\"wp-block-group__inner-container is-layout-flow wp-block-group-is-layout-flow\">\n<div class=\"wp-block-columns is-layout-flex wp-container-core-columns-is-layout-2 wp-block-columns-is-layout-flex\">\n<div class=\"wp-block-column is-layout-flow wp-block-column-is-layout-flow\" style=\"flex-basis:100%\">\n<div class=\"wp-block-columns is-layout-flex wp-container-core-columns-is-layout-1 wp-block-columns-is-layout-flex\">\n<div class=\"wp-block-column is-layout-flow wp-block-column-is-layout-flow\" style=\"flex-basis:100%\">\n<h3 class=\"has-text-align-left titular-h3 has-text-color wp-block-heading\" style=\"color:#6d7927\"><strong>\u00daltimas noticias<\/strong><\/h3>\n<\/div>\n<\/div>\n<\/div>\n<\/div>\n<\/div><\/div>\n<\/div>\n<\/div>\n\n\n<ul class=\"wp-block-latest-posts__list is-grid columns-4 has-dates alignfull is-style-default wp-block-latest-posts\"><li><div class=\"wp-block-latest-posts__featured-image aligncenter\"><img decoding=\"async\" width=\"750\" height=\"500\" src=\"https:\/\/confederacioncannabica.com\/wp-content\/uploads\/2023\/04\/IMG-20230426-WA0010-1024x682.jpg\" class=\"attachment-large size-large wp-post-image\" alt=\"\" style=\"width:100%;height:66.63%;max-width:1600px;\" srcset=\"https:\/\/confederacioncannabica.com\/wp-content\/uploads\/2023\/04\/IMG-20230426-WA0010-1024x682.jpg 1024w, https:\/\/confederacioncannabica.com\/wp-content\/uploads\/2023\/04\/IMG-20230426-WA0010-300x200.jpg 300w, https:\/\/confederacioncannabica.com\/wp-content\/uploads\/2023\/04\/IMG-20230426-WA0010-768x512.jpg 768w, https:\/\/confederacioncannabica.com\/wp-content\/uploads\/2023\/04\/IMG-20230426-WA0010-1536x1023.jpg 1536w, https:\/\/confederacioncannabica.com\/wp-content\/uploads\/2023\/04\/IMG-20230426-WA0010-1568x1045.jpg 1568w, https:\/\/confederacioncannabica.com\/wp-content\/uploads\/2023\/04\/IMG-20230426-WA0010.jpg 1600w\" sizes=\"(max-width: 750px) 100vw, 750px\" \/><\/div><a class=\"wp-block-latest-posts__post-title\" href=\"https:\/\/confederacioncannabica.com\/index.php\/2023\/04\/27\/la-confederacion-cannabica-argentina-estuvo-presente-en-la-presentacion-de-la-guia-exportable-de-mar-del-plata\/\">La Confederaci\u00f3n Cann\u00e1bica Argentina estuvo presente en la presentaci\u00f3n de la Gu\u00eda Exportable de Mar del Plata<\/a><time datetime=\"2023-04-27T01:20:28-03:00\" class=\"wp-block-latest-posts__post-date\">27 de abril de 2023<\/time><\/li>\n<li><div class=\"wp-block-latest-posts__featured-image aligncenter\"><img loading=\"lazy\" decoding=\"async\" width=\"750\" height=\"500\" src=\"https:\/\/confederacioncannabica.com\/wp-content\/uploads\/2023\/04\/AdobePhotoshopExpress_6d40a42741584eb99c77351d19d8dc65_Edited-1024x683.jpg\" class=\"attachment-large size-large wp-post-image\" alt=\"\" style=\"width:100%;height:66.65%;max-width:2048px;\" srcset=\"https:\/\/confederacioncannabica.com\/wp-content\/uploads\/2023\/04\/AdobePhotoshopExpress_6d40a42741584eb99c77351d19d8dc65_Edited-1024x683.jpg 1024w, https:\/\/confederacioncannabica.com\/wp-content\/uploads\/2023\/04\/AdobePhotoshopExpress_6d40a42741584eb99c77351d19d8dc65_Edited-300x200.jpg 300w, https:\/\/confederacioncannabica.com\/wp-content\/uploads\/2023\/04\/AdobePhotoshopExpress_6d40a42741584eb99c77351d19d8dc65_Edited-768x512.jpg 768w, https:\/\/confederacioncannabica.com\/wp-content\/uploads\/2023\/04\/AdobePhotoshopExpress_6d40a42741584eb99c77351d19d8dc65_Edited-1536x1024.jpg 1536w, https:\/\/confederacioncannabica.com\/wp-content\/uploads\/2023\/04\/AdobePhotoshopExpress_6d40a42741584eb99c77351d19d8dc65_Edited-1568x1045.jpg 1568w, https:\/\/confederacioncannabica.com\/wp-content\/uploads\/2023\/04\/AdobePhotoshopExpress_6d40a42741584eb99c77351d19d8dc65_Edited.jpg 2048w\" sizes=\"(max-width: 750px) 100vw, 750px\" \/><\/div><a class=\"wp-block-latest-posts__post-title\" href=\"https:\/\/confederacioncannabica.com\/index.php\/2023\/04\/24\/la-confederacion-cannabica-argentina-participara-de-la-iii-ronda-internacional-de-negocios-en-mar-del-plata\/\">La Confederaci\u00f3n Cann\u00e1bica Argentina participar\u00e1 de la III Ronda Internacional de Negocios en Mar del Plata<\/a><time datetime=\"2023-04-24T17:43:49-03:00\" class=\"wp-block-latest-posts__post-date\">24 de abril de 2023<\/time><\/li>\n<li><div class=\"wp-block-latest-posts__featured-image aligncenter\"><img loading=\"lazy\" decoding=\"async\" width=\"750\" height=\"750\" src=\"https:\/\/confederacioncannabica.com\/wp-content\/uploads\/2023\/04\/IMG-20230401-WA0032-1024x1024.jpg\" class=\"attachment-large size-large wp-post-image\" alt=\"\" style=\"width:100%;height:100%;max-width:1081px;\" srcset=\"https:\/\/confederacioncannabica.com\/wp-content\/uploads\/2023\/04\/IMG-20230401-WA0032-1024x1024.jpg 1024w, https:\/\/confederacioncannabica.com\/wp-content\/uploads\/2023\/04\/IMG-20230401-WA0032-300x300.jpg 300w, https:\/\/confederacioncannabica.com\/wp-content\/uploads\/2023\/04\/IMG-20230401-WA0032-150x150.jpg 150w, https:\/\/confederacioncannabica.com\/wp-content\/uploads\/2023\/04\/IMG-20230401-WA0032-768x768.jpg 768w, https:\/\/confederacioncannabica.com\/wp-content\/uploads\/2023\/04\/IMG-20230401-WA0032.jpg 1081w\" sizes=\"(max-width: 750px) 100vw, 750px\" \/><\/div><a class=\"wp-block-latest-posts__post-title\" href=\"https:\/\/confederacioncannabica.com\/index.php\/2023\/03\/31\/expoindustria-cannabis-canamo-tendra-una-rueda-de-negocios-b2b-en-el-sabado-8-de-abril\/\">ExpoIndustria Cannabis &#038; C\u00e1\u00f1amo tendr\u00e1 una Rueda de Negocios B2B en el s\u00e1bado, 8 de Abril<\/a><time datetime=\"2023-03-31T11:34:23-03:00\" class=\"wp-block-latest-posts__post-date\">31 de marzo de 2023<\/time><\/li>\n<li><div class=\"wp-block-latest-posts__featured-image aligncenter\"><img loading=\"lazy\" decoding=\"async\" width=\"750\" height=\"750\" src=\"https:\/\/confederacioncannabica.com\/wp-content\/uploads\/2023\/03\/IMG-20230308-WA0010-1024x1024.jpg\" class=\"attachment-large size-large wp-post-image\" alt=\"\" style=\"width:100%;height:100%;max-width:1500px;\" srcset=\"https:\/\/confederacioncannabica.com\/wp-content\/uploads\/2023\/03\/IMG-20230308-WA0010-1024x1024.jpg 1024w, https:\/\/confederacioncannabica.com\/wp-content\/uploads\/2023\/03\/IMG-20230308-WA0010-300x300.jpg 300w, https:\/\/confederacioncannabica.com\/wp-content\/uploads\/2023\/03\/IMG-20230308-WA0010-150x150.jpg 150w, https:\/\/confederacioncannabica.com\/wp-content\/uploads\/2023\/03\/IMG-20230308-WA0010-768x768.jpg 768w, https:\/\/confederacioncannabica.com\/wp-content\/uploads\/2023\/03\/IMG-20230308-WA0010.jpg 1500w\" sizes=\"(max-width: 750px) 100vw, 750px\" \/><\/div><a class=\"wp-block-latest-posts__post-title\" href=\"https:\/\/confederacioncannabica.com\/index.php\/2023\/03\/20\/presidente-de-la-confederacion-cannabica-argentina-se-reunio-con-representante-de-qatari-businessmen-association-en-doha\/\">Presidente de la Confederaci\u00f3n Cann\u00e1bica Argentina se reuni\u00f3 con representante de Qatari Businessmen Association en Doha<\/a><time datetime=\"2023-03-20T14:12:32-03:00\" class=\"wp-block-latest-posts__post-date\">20 de marzo de 2023<\/time><\/li>\n<li><div class=\"wp-block-latest-posts__featured-image aligncenter\"><img loading=\"lazy\" decoding=\"async\" width=\"750\" height=\"563\" src=\"https:\/\/confederacioncannabica.com\/wp-content\/uploads\/2023\/03\/Expoindustria_MDQ-Gigantografia-4x3-07.03-1024x768.jpg\" class=\"attachment-large size-large wp-post-image\" alt=\"\" style=\"width:100%;height:75%;max-width:2560px;\" srcset=\"https:\/\/confederacioncannabica.com\/wp-content\/uploads\/2023\/03\/Expoindustria_MDQ-Gigantografia-4x3-07.03-1024x768.jpg 1024w, https:\/\/confederacioncannabica.com\/wp-content\/uploads\/2023\/03\/Expoindustria_MDQ-Gigantografia-4x3-07.03-300x225.jpg 300w, https:\/\/confederacioncannabica.com\/wp-content\/uploads\/2023\/03\/Expoindustria_MDQ-Gigantografia-4x3-07.03-768x576.jpg 768w, https:\/\/confederacioncannabica.com\/wp-content\/uploads\/2023\/03\/Expoindustria_MDQ-Gigantografia-4x3-07.03-1536x1152.jpg 1536w, https:\/\/confederacioncannabica.com\/wp-content\/uploads\/2023\/03\/Expoindustria_MDQ-Gigantografia-4x3-07.03-2048x1536.jpg 2048w, https:\/\/confederacioncannabica.com\/wp-content\/uploads\/2023\/03\/Expoindustria_MDQ-Gigantografia-4x3-07.03-1568x1176.jpg 1568w\" sizes=\"(max-width: 750px) 100vw, 750px\" \/><\/div><a class=\"wp-block-latest-posts__post-title\" href=\"https:\/\/confederacioncannabica.com\/index.php\/2023\/03\/10\/expoindustria-cannabis-canamo-2023-i-cumbre-internacional-mar-del-plata\/\">ExpoIndustria Cannabis &#038; C\u00e1\u00f1amo 2023 \/ I Cumbre Internacional del Cannabis y C\u00e1\u00f1amo \/ Mar del Plata &#8211; 7, 8 y 9 de Abril<\/a><time datetime=\"2023-03-10T01:37:16-03:00\" class=\"wp-block-latest-posts__post-date\">10 de marzo de 2023<\/time><\/li>\n<li><div class=\"wp-block-latest-posts__featured-image aligncenter\"><img loading=\"lazy\" decoding=\"async\" width=\"750\" height=\"750\" src=\"https:\/\/confederacioncannabica.com\/wp-content\/uploads\/2023\/03\/Expoindustria_MDQ-Flyer_01-Feed-01-1024x1024.png\" class=\"attachment-large size-large wp-post-image\" alt=\"\" style=\"width:100%;height:100%;max-width:1080px;\" srcset=\"https:\/\/confederacioncannabica.com\/wp-content\/uploads\/2023\/03\/Expoindustria_MDQ-Flyer_01-Feed-01-1024x1024.png 1024w, https:\/\/confederacioncannabica.com\/wp-content\/uploads\/2023\/03\/Expoindustria_MDQ-Flyer_01-Feed-01-300x300.png 300w, https:\/\/confederacioncannabica.com\/wp-content\/uploads\/2023\/03\/Expoindustria_MDQ-Flyer_01-Feed-01-150x150.png 150w, https:\/\/confederacioncannabica.com\/wp-content\/uploads\/2023\/03\/Expoindustria_MDQ-Flyer_01-Feed-01-768x768.png 768w, https:\/\/confederacioncannabica.com\/wp-content\/uploads\/2023\/03\/Expoindustria_MDQ-Flyer_01-Feed-01.png 1080w\" sizes=\"(max-width: 750px) 100vw, 750px\" \/><\/div><a class=\"wp-block-latest-posts__post-title\" href=\"https:\/\/confederacioncannabica.com\/index.php\/2023\/03\/02\/i-cumbre-internacional-del-cannabis-y-canamo-llega-en-abril-a-mar-del-plata\/\">I Cumbre Internacional del Cannabis y C\u00e1\u00f1amo llega en abril a Mar del Plata<\/a><time datetime=\"2023-03-02T10:17:51-03:00\" class=\"wp-block-latest-posts__post-date\">2 de marzo de 2023<\/time><\/li>\n<li><div class=\"wp-block-latest-posts__featured-image aligncenter\"><img loading=\"lazy\" decoding=\"async\" width=\"750\" height=\"750\" src=\"https:\/\/confederacioncannabica.com\/wp-content\/uploads\/2021\/06\/Lean-Comunicado-1x1-1-1024x1024.png\" class=\"attachment-large size-large wp-post-image\" alt=\"Leandro Ayala - Presidente\" style=\"width:100%;height:100%;max-width:720px;\" srcset=\"https:\/\/confederacioncannabica.com\/wp-content\/uploads\/2021\/06\/Lean-Comunicado-1x1-1-1024x1024.png 1024w, https:\/\/confederacioncannabica.com\/wp-content\/uploads\/2021\/06\/Lean-Comunicado-1x1-1-300x300.png 300w, https:\/\/confederacioncannabica.com\/wp-content\/uploads\/2021\/06\/Lean-Comunicado-1x1-1-150x150.png 150w, https:\/\/confederacioncannabica.com\/wp-content\/uploads\/2021\/06\/Lean-Comunicado-1x1-1-768x768.png 768w, https:\/\/confederacioncannabica.com\/wp-content\/uploads\/2021\/06\/Lean-Comunicado-1x1-1-1536x1536.png 1536w, https:\/\/confederacioncannabica.com\/wp-content\/uploads\/2021\/06\/Lean-Comunicado-1x1-1-1568x1568.png 1568w, https:\/\/confederacioncannabica.com\/wp-content\/uploads\/2021\/06\/Lean-Comunicado-1x1-1-e1623878223830.png 720w\" sizes=\"(max-width: 750px) 100vw, 750px\" \/><\/div><a class=\"wp-block-latest-posts__post-title\" href=\"https:\/\/confederacioncannabica.com\/index.php\/2023\/01\/23\/la-reglamentacion-de-la-ariccame-en-la-argentina-es-una-senal-mas-para-que-avancemos-mas-alla\/\">La reglamentaci\u00f3n de la ARICCAME en la Argentina es una se\u00f1al m\u00e1s para qu\u00e9 avancemos m\u00e1s all\u00e1<\/a><time datetime=\"2023-01-23T18:10:00-03:00\" class=\"wp-block-latest-posts__post-date\">23 de enero de 2023<\/time><\/li>\n<li><div class=\"wp-block-latest-posts__featured-image aligncenter\"><img loading=\"lazy\" decoding=\"async\" width=\"750\" height=\"750\" src=\"https:\/\/confederacioncannabica.com\/wp-content\/uploads\/2022\/11\/Copia-de-Sabado-19-dE-nOviembre-despues-de-medianoche-1024x1024.png\" class=\"attachment-large size-large wp-post-image\" alt=\"\" style=\"width:100%;height:100%;max-width:1080px;\" srcset=\"https:\/\/confederacioncannabica.com\/wp-content\/uploads\/2022\/11\/Copia-de-Sabado-19-dE-nOviembre-despues-de-medianoche-1024x1024.png 1024w, https:\/\/confederacioncannabica.com\/wp-content\/uploads\/2022\/11\/Copia-de-Sabado-19-dE-nOviembre-despues-de-medianoche-300x300.png 300w, https:\/\/confederacioncannabica.com\/wp-content\/uploads\/2022\/11\/Copia-de-Sabado-19-dE-nOviembre-despues-de-medianoche-150x150.png 150w, https:\/\/confederacioncannabica.com\/wp-content\/uploads\/2022\/11\/Copia-de-Sabado-19-dE-nOviembre-despues-de-medianoche-768x768.png 768w, https:\/\/confederacioncannabica.com\/wp-content\/uploads\/2022\/11\/Copia-de-Sabado-19-dE-nOviembre-despues-de-medianoche.png 1080w\" sizes=\"(max-width: 750px) 100vw, 750px\" \/><\/div><a class=\"wp-block-latest-posts__post-title\" href=\"https:\/\/confederacioncannabica.com\/index.php\/2022\/11\/24\/organizaciones-camaras-y-marcas-que-nos-acompanan\/\">ORGANIZACIONES, CAMARAS Y MARCAS QUE NOS ACOMPA\u00d1AN<\/a><time datetime=\"2022-11-24T03:34:57-03:00\" class=\"wp-block-latest-posts__post-date\">24 de noviembre de 2022<\/time><\/li>\n<\/ul>\n\n\n<div style=\"height:36px\" aria-hidden=\"true\" class=\"wp-block-spacer\"><\/div>\n\n\n\n<div class=\"wp-block-group alignwide banner-logos\"><div class=\"wp-block-group__inner-container is-layout-flow wp-block-group-is-layout-flow\">\n<div class=\"wp-block-columns wp-block-columns-01 is-layout-flex wp-container-core-columns-is-layout-5 wp-block-columns-is-layout-flex\">\n<div class=\"wp-block-column is-layout-flow wp-block-column-is-layout-flow\" style=\"flex-basis:100%\">\n<div class=\"wp-block-columns wp-block-columns-03 is-layout-flex wp-container-core-columns-is-layout-4 wp-block-columns-is-layout-flex\">\n<div class=\"wp-block-column wp-block-column-01 is-layout-flow wp-block-column-is-layout-flow\">\n<figure class=\"wp-block-image size-large\"><img loading=\"lazy\" decoding=\"async\" width=\"153\" height=\"97\" src=\"https:\/\/confederacioncannabica.com\/wp-content\/uploads\/2021\/05\/logo-banner-01-1.png\" alt=\"\" class=\"wp-image-412\"\/><\/figure>\n<\/div>\n\n\n\n<div class=\"wp-block-column wp-block-column-01 is-layout-flow wp-block-column-is-layout-flow\">\n<figure class=\"wp-block-image size-large\"><img loading=\"lazy\" decoding=\"async\" width=\"1024\" height=\"1011\" src=\"https:\/\/confederacioncannabica.com\/wp-content\/uploads\/2022\/11\/png_20221021_151228_0000-1024x1011.png\" alt=\"\" class=\"wp-image-1009\" srcset=\"https:\/\/confederacioncannabica.com\/wp-content\/uploads\/2022\/11\/png_20221021_151228_0000-1024x1011.png 1024w, https:\/\/confederacioncannabica.com\/wp-content\/uploads\/2022\/11\/png_20221021_151228_0000-300x296.png 300w, https:\/\/confederacioncannabica.com\/wp-content\/uploads\/2022\/11\/png_20221021_151228_0000-768x758.png 768w, https:\/\/confederacioncannabica.com\/wp-content\/uploads\/2022\/11\/png_20221021_151228_0000-1536x1516.png 1536w, https:\/\/confederacioncannabica.com\/wp-content\/uploads\/2022\/11\/png_20221021_151228_0000-2048x2022.png 2048w, https:\/\/confederacioncannabica.com\/wp-content\/uploads\/2022\/11\/png_20221021_151228_0000-1568x1548.png 1568w\" sizes=\"(max-width: 1024px) 100vw, 1024px\" \/><\/figure>\n<\/div>\n\n\n\n<div class=\"wp-block-column wp-block-column-01 is-layout-flow wp-block-column-is-layout-flow\">\n<figure class=\"wp-block-image size-large\"><img loading=\"lazy\" decoding=\"async\" width=\"153\" height=\"97\" src=\"https:\/\/confederacioncannabica.com\/wp-content\/uploads\/2021\/06\/logo-banner-02.png\" alt=\"\" class=\"wp-image-677\"\/><\/figure>\n<\/div>\n\n\n\n<div class=\"wp-block-column wp-block-column-01 is-layout-flow wp-block-column-is-layout-flow\">\n<figure class=\"wp-block-image size-large\"><img loading=\"lazy\" decoding=\"async\" width=\"153\" height=\"97\" src=\"https:\/\/confederacioncannabica.com\/wp-content\/uploads\/2021\/06\/logo-banner-08.png\" alt=\"\" class=\"wp-image-681\"\/><\/figure>\n<\/div>\n\n\n\n<div class=\"wp-block-column wp-block-column-01 is-layout-flow wp-block-column-is-layout-flow\">\n<figure class=\"wp-block-image size-large\"><img loading=\"lazy\" decoding=\"async\" width=\"153\" height=\"97\" src=\"https:\/\/confederacioncannabica.com\/wp-content\/uploads\/2021\/06\/logo-banner-03.png\" alt=\"\" class=\"wp-image-678\"\/><\/figure>\n<\/div>\n\n\n\n<div class=\"wp-block-column wp-block-column-01 is-layout-flow wp-block-column-is-layout-flow\">\n<figure class=\"wp-block-image size-large\"><img loading=\"lazy\" decoding=\"async\" width=\"153\" height=\"97\" src=\"https:\/\/confederacioncannabica.com\/wp-content\/uploads\/2021\/06\/logo-banner-05.png\" alt=\"\" class=\"wp-image-692\"\/><\/figure>\n<\/div>\n\n\n\n<div class=\"wp-block-column wp-block-column-01 is-layout-flow wp-block-column-is-layout-flow\">\n<figure class=\"wp-block-image size-large\"><img loading=\"lazy\" decoding=\"async\" width=\"153\" height=\"97\" src=\"https:\/\/confederacioncannabica.com\/wp-content\/uploads\/2021\/06\/logo-banner-06.png\" alt=\"\" class=\"wp-image-680\"\/><\/figure>\n<\/div>\n\n\n\n<div class=\"wp-block-column wp-block-column-01 is-layout-flow wp-block-column-is-layout-flow\">\n<figure class=\"wp-block-image size-large\"><img loading=\"lazy\" decoding=\"async\" width=\"153\" height=\"97\" src=\"https:\/\/confederacioncannabica.com\/wp-content\/uploads\/2021\/06\/logo-banner-17-2.png\" alt=\"\" class=\"wp-image-691\"\/><\/figure>\n<\/div>\n\n\n\n<div class=\"wp-block-column wp-block-column-01 is-layout-flow wp-block-column-is-layout-flow\">\n<figure class=\"wp-block-image size-large\"><img loading=\"lazy\" decoding=\"async\" width=\"153\" height=\"97\" src=\"https:\/\/confederacioncannabica.com\/wp-content\/uploads\/2021\/06\/logo-banner-18.png\" alt=\"\" class=\"wp-image-671\"\/><\/figure>\n<\/div>\n\n\n\n<div class=\"wp-block-column wp-block-column-01 is-layout-flow wp-block-column-is-layout-flow\">\n<figure class=\"wp-block-image size-large\"><img loading=\"lazy\" decoding=\"async\" width=\"153\" height=\"97\" src=\"https:\/\/confederacioncannabica.com\/wp-content\/uploads\/2021\/06\/logo-banner-09.png\" alt=\"\" class=\"wp-image-682\"\/><\/figure>\n<\/div>\n\n\n\n<div class=\"wp-block-column wp-block-column-01 is-layout-flow wp-block-column-is-layout-flow\">\n<figure class=\"wp-block-image size-large\"><img loading=\"lazy\" decoding=\"async\" width=\"153\" height=\"97\" src=\"https:\/\/confederacioncannabica.com\/wp-content\/uploads\/2021\/06\/logo-banner-19.png\" alt=\"\" class=\"wp-image-672\"\/><\/figure>\n<\/div>\n<\/div>\n<\/div>\n<\/div>\n\n\n\n<div class=\"wp-block-columns wp-block-columns-02 is-layout-flex wp-container-core-columns-is-layout-7 wp-block-columns-is-layout-flex\">\n<div class=\"wp-block-column is-layout-flow wp-block-column-is-layout-flow\" style=\"flex-basis:100%\">\n<div class=\"wp-block-columns wp-block-columns-03 is-layout-flex wp-container-core-columns-is-layout-6 wp-block-columns-is-layout-flex\">\n<div class=\"wp-block-column wp-block-column-01 is-layout-flow wp-block-column-is-layout-flow\">\n<figure class=\"wp-block-image size-large\"><img loading=\"lazy\" decoding=\"async\" width=\"153\" height=\"97\" src=\"https:\/\/confederacioncannabica.com\/wp-content\/uploads\/2021\/06\/logo-banner-10.png\" alt=\"\" class=\"wp-image-683\"\/><\/figure>\n<\/div>\n\n\n\n<div class=\"wp-block-column wp-block-column-01 is-layout-flow wp-block-column-is-layout-flow\">\n<figure class=\"wp-block-image size-large\"><img loading=\"lazy\" decoding=\"async\" width=\"153\" height=\"97\" src=\"https:\/\/confederacioncannabica.com\/wp-content\/uploads\/2021\/06\/logo-banner-12.png\" alt=\"\" class=\"wp-image-685\"\/><\/figure>\n<\/div>\n\n\n\n<div class=\"wp-block-column wp-block-column-01 is-layout-flow wp-block-column-is-layout-flow\">\n<figure class=\"wp-block-image size-large\"><img loading=\"lazy\" decoding=\"async\" width=\"153\" height=\"97\" src=\"https:\/\/confederacioncannabica.com\/wp-content\/uploads\/2021\/06\/logo-banner-11.png\" alt=\"\" class=\"wp-image-684\"\/><\/figure>\n<\/div>\n\n\n\n<div class=\"wp-block-column wp-block-column-01 is-layout-flow wp-block-column-is-layout-flow\">\n<figure class=\"wp-block-image size-large\"><img loading=\"lazy\" decoding=\"async\" width=\"153\" height=\"97\" src=\"https:\/\/confederacioncannabica.com\/wp-content\/uploads\/2021\/06\/logo-banner-13.png\" alt=\"\" class=\"wp-image-686\"\/><\/figure>\n<\/div>\n\n\n\n<div class=\"wp-block-column wp-block-column-01 is-layout-flow wp-block-column-is-layout-flow\">\n<figure class=\"wp-block-image size-large\"><img loading=\"lazy\" decoding=\"async\" width=\"153\" height=\"97\" src=\"https:\/\/confederacioncannabica.com\/wp-content\/uploads\/2021\/06\/logo-banner-16.png\" alt=\"\" class=\"wp-image-689\"\/><\/figure>\n<\/div>\n\n\n\n<div class=\"wp-block-column wp-block-column-01 is-layout-flow wp-block-column-is-layout-flow\">\n<figure class=\"wp-block-image size-large\"><img loading=\"lazy\" decoding=\"async\" width=\"153\" height=\"97\" src=\"https:\/\/confederacioncannabica.com\/wp-content\/uploads\/2021\/06\/logo-banner-14.png\" alt=\"\" class=\"wp-image-687\"\/><\/figure>\n<\/div>\n\n\n\n<div class=\"wp-block-column wp-block-column-01 is-layout-flow wp-block-column-is-layout-flow\">\n<figure class=\"wp-block-image size-large\"><img loading=\"lazy\" decoding=\"async\" width=\"153\" height=\"97\" src=\"https:\/\/confederacioncannabica.com\/wp-content\/uploads\/2021\/06\/logo-banner-15.png\" alt=\"\" class=\"wp-image-688\"\/><\/figure>\n<\/div>\n\n\n\n<div class=\"wp-block-column wp-block-column-01 is-layout-flow wp-block-column-is-layout-flow\">\n<figure class=\"wp-block-image size-large\"><img loading=\"lazy\" decoding=\"async\" width=\"153\" height=\"97\" src=\"https:\/\/confederacioncannabica.com\/wp-content\/uploads\/2021\/06\/Sin-titulo-2.png\" alt=\"\" class=\"wp-image-676\"\/><\/figure>\n<\/div>\n\n\n\n<div class=\"wp-block-column wp-block-column-01 is-layout-flow wp-block-column-is-layout-flow\">\n<figure class=\"wp-block-image size-large\"><img loading=\"lazy\" decoding=\"async\" width=\"153\" height=\"97\" src=\"https:\/\/confederacioncannabica.com\/wp-content\/uploads\/2021\/06\/logo-banner-22.png\" alt=\"\" class=\"wp-image-675\"\/><\/figure>\n<\/div>\n\n\n\n<div class=\"wp-block-column wp-block-column-01 is-layout-flow wp-block-column-is-layout-flow\">\n<figure class=\"wp-block-image size-large\"><img loading=\"lazy\" decoding=\"async\" width=\"153\" height=\"97\" src=\"https:\/\/confederacioncannabica.com\/wp-content\/uploads\/2021\/06\/logo-banner-20.png\" alt=\"\" class=\"wp-image-673\"\/><\/figure>\n<\/div>\n\n\n\n<div class=\"wp-block-column wp-block-column-01 is-layout-flow wp-block-column-is-layout-flow\">\n<figure class=\"wp-block-image size-large\"><img loading=\"lazy\" decoding=\"async\" width=\"153\" height=\"97\" src=\"https:\/\/confederacioncannabica.com\/wp-content\/uploads\/2021\/06\/logo-banner-21.png\" alt=\"\" class=\"wp-image-674\"\/><\/figure>\n<\/div>\n<\/div>\n<\/div>\n<\/div>\n<\/div><\/div>\n\n\n\n<figure class=\"wp-block-gallery columns-0 is-cropped wp-block-gallery-1 is-layout-flex wp-block-gallery-is-layout-flex\"><ul class=\"blocks-gallery-grid\"><\/ul><\/figure>\n","protected":false},"excerpt":{"rendered":"<p>\u00daltimas noticias<\/p>\n","protected":false},"author":1,"featured_media":0,"parent":0,"menu_order":0,"comment_status":"closed","ping_status":"closed","template":"","meta":{"om_disable_all_campaigns":false,"_monsterinsights_skip_tracking":false,"_monsterinsights_sitenote_active":false,"_monsterinsights_sitenote_note":"","_monsterinsights_sitenote_category":0,"footnotes":""},"class_list":["post-5","page","type-page","status-publish","hentry","entry"],"aioseo_notices":[],"_links":{"self":[{"href":"https:\/\/confederacioncannabica.com\/index.php\/wp-json\/wp\/v2\/pages\/5","targetHints":{"allow":["GET"]}}],"collection":[{"href":"https:\/\/confederacioncannabica.com\/index.php\/wp-json\/wp\/v2\/pages"}],"about":[{"href":"https:\/\/confederacioncannabica.com\/index.php\/wp-json\/wp\/v2\/types\/page"}],"author":[{"embeddable":true,"href":"https:\/\/confederacioncannabica.com\/index.php\/wp-json\/wp\/v2\/users\/1"}],"replies":[{"embeddable":true,"href":"https:\/\/confederacioncannabica.com\/index.php\/wp-json\/wp\/v2\/comments?post=5"}],"version-history":[{"count":63,"href":"https:\/\/confederacioncannabica.com\/index.php\/wp-json\/wp\/v2\/pages\/5\/revisions"}],"predecessor-version":[{"id":779,"href":"https:\/\/confederacioncannabica.com\/index.php\/wp-json\/wp\/v2\/pages\/5\/revisions\/779"}],"wp:attachment":[{"href":"https:\/\/confederacioncannabica.com\/index.php\/wp-json\/wp\/v2\/media?parent=5"}],"curies":[{"name":"wp","href":"https:\/\/api.w.org\/{rel}","templated":true}]}}